{"id":548,"date":"2022-11-30T00:11:10","date_gmt":"2022-11-30T00:11:10","guid":{"rendered":"http:\/\/146.190.40.78\/?page_id=548"},"modified":"2025-11-08T04:54:38","modified_gmt":"2025-11-07T22:54:38","slug":"asesoria-y-capacitacion","status":"publish","type":"page","link":"https:\/\/valuex.com.sv\/index.php\/asesoria-y-capacitacion\/","title":{"rendered":"Asesor\u00eda y capacitaci\u00f3n"},"content":{"rendered":"<p>[cl_row text_color=\u00bblight-text\u00bb background_position=\u00bbleft top\u00bb device_visibility=\u00bb0:none_\u00bb background_image=\u00bbid:770|mime:undefined|url:http%3A%2F%2F146.190.40.78%2Fwp-content%2Fuploads%2F2022%2F12%2Ffondo_asesoria-150&#215;150.png\u00bb][cl_column horizontal_align=\u00bbmiddle\u00bb text_color=\u00bblight-text\u00bb device_visibility=\u00bb0:none_\u00bb background_image=\u00bbid:|mime:|url:\u00bb][cl_row_inner][cl_column_inner width=\u00bb1\/2&#8243;][cl_icon size=\u00bb99&#8243; align=\u00bbcenter\u00bb color=\u00bb#ffffff\u00bb icon=\u00bbcl-icon-presentation\u00bb][cl_custom_heading]TITULARIZACI\u00d3N<\/p>\n<p>[\/cl_custom_heading][cl_divider color=\u00bb#ffffff\u00bb][cl_text custom_typography=\u00bb1&#8243; text_font_size=\u00bb19&#8243;]<\/p>\n<p style=\"text-align: left\">Autorizaci\u00f3n desde 2019 de la Superintendencia del Sistema Financiero (SSF) para Evaluar Flujos Financieros Futuros Sujetos a Titularizaci\u00f3n<\/p>\n<p style=\"text-align: left\">No. de autorizaci\u00f3n <b>CD-33-2019<\/b><\/p>\n<p style=\"text-align: left\">Evaluaciones realizadas, para Fondos Inmobiliarios y Fondos de Titularizaci\u00f3n.<\/p>\n<p style=\"text-align: left\">\u2022 19 fondos de Titularizaci\u00f3n apoyados<\/p>\n<p style=\"text-align: left\">\u2022 Valoraci\u00f3n de Flujos Financieros Futuros para fondos de titularizaci\u00f3n por valores superiores a US$ 2,600 millones<\/p>\n<p style=\"text-align: left\">\u2022 Determinaci\u00f3n de plazo para nueve emisiones de fondos inmobiliarios<\/p>\n<p>[\/cl_text][\/cl_column_inner][cl_column_inner width=\u00bb1\/2&#8243;][cl_icon size=\u00bb99&#8243; align=\u00bbcenter\u00bb color=\u00bb#ffffff\u00bb icon=\u00bbcl-icon-linegraph\u00bb][cl_custom_heading]TOKENIZACI\u00d3N<\/p>\n<p>[\/cl_custom_heading][cl_divider color=\u00bb#ffffff\u00bb][cl_text custom_typography=\u00bb1&#8243; text_font_size=\u00bb19&#8243;]<\/p>\n<p style=\"text-align: left\">Autorizaci\u00f3n desde 2025 de la Comisi\u00f3n Nacional de Activos Digitales (CNAD) para Certificar emisiones de activos digitales<\/p>\n<p style=\"text-align: left\">No. de autorizaci\u00f3n <b>CERT-0006<\/b><\/p>\n<p style=\"text-align: left\">Nuestra Garant\u00eda es una certificaci\u00f3n basada en un dictamen equilibrado que:<\/p>\n<p style=\"text-align: left\">\u2022 Alinea la evaluaci\u00f3n de cada \u00e1rea con el riesgo sist\u00e9mico real.<\/p>\n<p style=\"text-align: left\">\u2022 Permite c\u00e1lculos reproducibles y auditables por la CNAD.<\/p>\n<p style=\"text-align: left\">\u2022 Favorece la aprobaci\u00f3n de proyectos t\u00e9cnicamente s\u00f3lidos y transparentes.<\/p>\n<p style=\"text-align: left\">\u2022 Reduce el sesgo subjetivo en la evaluaci\u00f3n.<\/p>\n<p style=\"text-align: left\">\u2022 Mide cumplimiento t\u00e9cnico y la resiliencia y confiabilidad del ecosistema frente al p\u00fablico y los reguladores.<\/p>\n<p style=\"text-align: left\">\u2022 Fortalece la confianza de los inversionistas en el proyecto.<\/p>\n<p>[\/cl_text][\/cl_column_inner][\/cl_row_inner][cl_row_inner][\/cl_row_inner][cl_row_inner][\/cl_row_inner][\/cl_column][\/cl_row]<\/p>\n","protected":false},"excerpt":{"rendered":"<p>[cl_row text_color=\u00bblight-text\u00bb background_position=\u00bbleft top\u00bb device_visibility=\u00bb0:none_\u00bb background_image=\u00bbid:770|mime:undefined|url:http%3A%2F%2F146.190.40.78%2Fwp-content%2Fuploads%2F2022%2F12%2Ffondo_asesoria-150&#215;150.png\u00bb][cl_column horizontal_align=\u00bbmiddle\u00bb text_color=\u00bblight-text\u00bb device_visibility=\u00bb0:none_\u00bb background_image=\u00bbid:|mime:|url:\u00bb][cl_row_inner][cl_column_inner width=\u00bb1\/2&#8243;][cl_icon size=\u00bb99&#8243; align=\u00bbcenter\u00bb color=\u00bb#ffffff\u00bb icon=\u00bbcl-icon-presentation\u00bb][cl_custom_heading]TITULARIZACI\u00d3N [\/cl_custom_heading][cl_divider color=\u00bb#ffffff\u00bb][cl_text custom_typography=\u00bb1&#8243; text_font_size=\u00bb19&#8243;] Autorizaci\u00f3n desde 2019 de la Superintendencia del Sistema Financiero (SSF) para Evaluar Flujos Financieros Futuros Sujetos a Titularizaci\u00f3n No. de autorizaci\u00f3n [&hellip;]<\/p>\n","protected":false},"author":1,"featured_media":0,"parent":0,"menu_order":0,"comment_status":"closed","ping_status":"closed","template":"","meta":{"footnotes":""},"class_list":["post-548","page","type-page","status-publish","hentry"],"_links":{"self":[{"href":"https:\/\/valuex.com.sv\/index.php\/wp-json\/wp\/v2\/pages\/548","targetHints":{"allow":["GET"]}}],"collection":[{"href":"https:\/\/valuex.com.sv\/index.php\/wp-json\/wp\/v2\/pages"}],"about":[{"href":"https:\/\/valuex.com.sv\/index.php\/wp-json\/wp\/v2\/types\/page"}],"author":[{"embeddable":true,"href":"https:\/\/valuex.com.sv\/index.php\/wp-json\/wp\/v2\/users\/1"}],"replies":[{"embeddable":true,"href":"https:\/\/valuex.com.sv\/index.php\/wp-json\/wp\/v2\/comments?post=548"}],"version-history":[{"count":42,"href":"https:\/\/valuex.com.sv\/index.php\/wp-json\/wp\/v2\/pages\/548\/revisions"}],"predecessor-version":[{"id":2596,"href":"https:\/\/valuex.com.sv\/index.php\/wp-json\/wp\/v2\/pages\/548\/revisions\/2596"}],"wp:attachment":[{"href":"https:\/\/valuex.com.sv\/index.php\/wp-json\/wp\/v2\/media?parent=548"}],"curies":[{"name":"wp","href":"https:\/\/api.w.org\/{rel}","templated":true}]}}