{"id":545,"date":"2022-11-30T00:11:10","date_gmt":"2022-11-30T00:11:10","guid":{"rendered":"http:\/\/146.190.40.78\/?page_id=545"},"modified":"2022-12-28T18:04:07","modified_gmt":"2022-12-28T18:04:07","slug":"gestion-integral-de-inversiones","status":"publish","type":"page","link":"https:\/\/valuex.com.sv\/index.php\/gestion-integral-de-inversiones\/","title":{"rendered":"Gestion integral de inversiones"},"content":{"rendered":"<p>[cl_row background_position=\u00bbleft top\u00bb device_visibility=\u00bb0:none_\u00bb background_image=\u00bbid:620|mime:undefined|url:http%3A%2F%2F146.190.40.78%2Fwp-content%2Fuploads%2F2022%2F11%2Ffondo_gestion-150&#215;150.png\u00bb][cl_column horizontal_align=\u00bbmiddle\u00bb device_visibility=\u00bb0:none_\u00bb][cl_row_inner][cl_column_inner text_color=\u00bblight-text\u00bb background_image=\u00bbid:|mime:|url:\u00bb][cl_icon size=\u00bb99&#8243; align=\u00bbcenter\u00bb line_height=\u00bb35&#8243; color=\u00bb#ffffff\u00bb icon=\u00bbcl-icon-presentation\u00bb][cl_custom_heading]Gesti\u00f3n Integral de Inversiones<\/p>\n<p>[\/cl_custom_heading][cl_divider color=\u00bb#ffffff\u00bb][cl_text custom_typography=\u00bb1&#8243; text_font_size=\u00bb19&#8243; text_line_height=\u00bb39&#8243;]Asumimos la responsabilidad para que las ideas de nuestros clientes se desarrollen con total eficiencia y eficacia, bajo un sistema integrado que le permite continuar con sus actividades sin distraerse en los detalles de ejecuci\u00f3n.<\/p>\n<p>Cada ciclo de trabajo se encuentra dise\u00f1ado para confirmar que los resultados financieros ser\u00e1n favorables para nuestros clientes.<\/p>\n<p>[\/cl_text][\/cl_column_inner][\/cl_row_inner][cl_row_inner][cl_column_inner text_color=\u00bblight-text\u00bb background_image=\u00bbid:|mime:|url:\u00bb][cl_custom_heading]Incluye<\/p>\n<p>[\/cl_custom_heading][cl_list distance=\u00bb5&#8243;][cl_divider color=\u00bb#ffffff\u00bb][cl_list_item]An\u00e1lisis de la idea original y propuesta de alternativas.<\/p>\n<p>[\/cl_list_item][cl_list_item]Formulaci\u00f3n y Evaluaci\u00f3n de la alternativa seleccionada.<\/p>\n<p>[\/cl_list_item][cl_list_item]Definici\u00f3n de la viabilidad mercadol\u00f3gica, t\u00e9cnica, de organizaci\u00f3n y financiera.<\/p>\n<p>[\/cl_list_item][cl_list_item]Bancarizaci\u00f3n con la opci\u00f3n de financiamiento m\u00e1s adecuada.<\/p>\n<p>[\/cl_list_item][cl_list_item]Gesti\u00f3n de subcontratos para dise\u00f1o, supervisi\u00f3n y ejecuci\u00f3n del proyecto.<\/p>\n<p>[\/cl_list_item][cl_list_item]Control de la ejecuci\u00f3n hasta la puesta en marcha.<\/p>\n<p>[\/cl_list_item][cl_list_item]Gesti\u00f3n de tr\u00e1mites para el cumplimiento de legislaci\u00f3n nacional.<\/p>\n<p>[\/cl_list_item][cl_list_item]Gesti\u00f3n de Fianzas y Garant\u00edas a favor del cliente.<\/p>\n<p>[\/cl_list_item][cl_list_item]Retroalimentaci\u00f3n permanente.<\/p>\n<p>[\/cl_list_item][cl_list_item]Confidencialidad en todo el proceso.<\/p>\n<p>[\/cl_list_item][\/cl_list][\/cl_column_inner][\/cl_row_inner][cl_row_inner][cl_column_inner text_color=\u00bblight-text\u00bb background_image=\u00bbid:|mime:|url:\u00bb][cl_custom_heading]El dise\u00f1o de cada estrategia se adapta a la necesidad de nuestros clientes.<\/p>\n<p>[\/cl_custom_heading][cl_divider color=\u00bb#ffffff\u00bb][cl_media shadow=\u00bb0&#8243; custom_width_bool_media=\u00bb1&#8243; image=\u00bbid:625|mime:undefined|url:http%3A%2F%2F146.190.40.78%2Fwp-content%2Fuploads%2F2022%2F11%2F1-1-150&#215;150.png\u00bb position=\u00bbcenter\u00bb custom_width=\u00bb500px\u00bb][\/cl_column_inner][\/cl_row_inner][\/cl_column][\/cl_row]<\/p>\n","protected":false},"excerpt":{"rendered":"<p>[cl_row background_position=\u00bbleft top\u00bb device_visibility=\u00bb0:none_\u00bb background_image=\u00bbid:620|mime:undefined|url:http%3A%2F%2F146.190.40.78%2Fwp-content%2Fuploads%2F2022%2F11%2Ffondo_gestion-150&#215;150.png\u00bb][cl_column horizontal_align=\u00bbmiddle\u00bb device_visibility=\u00bb0:none_\u00bb][cl_row_inner][cl_column_inner text_color=\u00bblight-text\u00bb background_image=\u00bbid:|mime:|url:\u00bb][cl_icon size=\u00bb99&#8243; align=\u00bbcenter\u00bb line_height=\u00bb35&#8243; color=\u00bb#ffffff\u00bb icon=\u00bbcl-icon-presentation\u00bb][cl_custom_heading]Gesti\u00f3n Integral de Inversiones [\/cl_custom_heading][cl_divider color=\u00bb#ffffff\u00bb][cl_text custom_typography=\u00bb1&#8243; text_font_size=\u00bb19&#8243; text_line_height=\u00bb39&#8243;]Asumimos la responsabilidad para que las ideas de nuestros clientes se desarrollen con total eficiencia y eficacia, bajo un [&hellip;]<\/p>\n","protected":false},"author":1,"featured_media":0,"parent":0,"menu_order":0,"comment_status":"closed","ping_status":"closed","template":"","meta":{"footnotes":""},"class_list":["post-545","page","type-page","status-publish","hentry"],"_links":{"self":[{"href":"https:\/\/valuex.com.sv\/index.php\/wp-json\/wp\/v2\/pages\/545","targetHints":{"allow":["GET"]}}],"collection":[{"href":"https:\/\/valuex.com.sv\/index.php\/wp-json\/wp\/v2\/pages"}],"about":[{"href":"https:\/\/valuex.com.sv\/index.php\/wp-json\/wp\/v2\/types\/page"}],"author":[{"embeddable":true,"href":"https:\/\/valuex.com.sv\/index.php\/wp-json\/wp\/v2\/users\/1"}],"replies":[{"embeddable":true,"href":"https:\/\/valuex.com.sv\/index.php\/wp-json\/wp\/v2\/comments?post=545"}],"version-history":[{"count":44,"href":"https:\/\/valuex.com.sv\/index.php\/wp-json\/wp\/v2\/pages\/545\/revisions"}],"predecessor-version":[{"id":929,"href":"https:\/\/valuex.com.sv\/index.php\/wp-json\/wp\/v2\/pages\/545\/revisions\/929"}],"wp:attachment":[{"href":"https:\/\/valuex.com.sv\/index.php\/wp-json\/wp\/v2\/media?parent=545"}],"curies":[{"name":"wp","href":"https:\/\/api.w.org\/{rel}","templated":true}]}}