{"id":543,"date":"2022-11-30T00:11:10","date_gmt":"2022-11-30T00:11:10","guid":{"rendered":"http:\/\/146.190.40.78\/?page_id=543"},"modified":"2022-11-30T01:18:50","modified_gmt":"2022-11-30T01:18:50","slug":"valores","status":"publish","type":"page","link":"https:\/\/valuex.com.sv\/index.php\/valores\/","title":{"rendered":"Valores"},"content":{"rendered":"<p>[cl_row fullheight=\u00bb0&#8243; custom_width_bool=\u00bb0&#8243; equal_height=\u00bb0&#8243; row_disabled=\u00bb0&#8243; row_video_loop=\u00bb0&#8243; css_style=\u00bbpadding-top:45px|padding-bottom:45px\u00bb background_position=\u00bbleft top\u00bb parallax=\u00bb0&#8243; device_visibility=\u00bb0:none_\u00bb css_style_991_row_bool=\u00bb0&#8243; css_style_767_row_bool=\u00bb0&#8243; background_image=\u00bbid:603|mime:undefined|url:http%3A%2F%2F146.190.40.78%2Fwp-content%2Fuploads%2F2022%2F11%2Fvalores_fondo-150&#215;150.png\u00bb][cl_column horizontal_align=\u00bbmiddle\u00bb col_sticky=\u00bb0&#8243; col_disabled=\u00bb0&#8243; css_style=\u00bbpadding-top:20px|padding-bottom:20px\u00bb border_rounded=\u00bb0&#8243; device_visibility=\u00bb0:none_\u00bb css_style_991_col_bool=\u00bb0&#8243; css_style_767_col_bool=\u00bb0&#8243;][cl_custom_heading typography=\u00bbh1&#8243; css_style=\u00bbmargin-top:35px\u00bb]<\/p>\n<p>Valores<\/p>\n<p>[\/cl_custom_heading][cl_divider css_style=\u00bbmargin-top:35px\u00bb][cl_row_inner css_style=\u00bbmargin-top:35px\u00bb][cl_column_inner width=\u00bb1\/2&#8243; css_style=\u00bbpadding-top:10px|padding-bottom:10px\u00bb css_style_991=\u00bbmargin-top:0&#8243; css_style_767=\u00bbmargin-top:0&#8243;][cl_custom_heading css_style=\u00bbmargin-top:35px\u00bb]<\/p>\n<p>Profesionalismo<\/p>\n<p>[\/cl_custom_heading][\/cl_column_inner][cl_column_inner width=\u00bb1\/2&#8243; css_style=\u00bbpadding-top:10px|padding-bottom:10px\u00bb css_style_991=\u00bbmargin-top:0&#8243; css_style_767=\u00bbmargin-top:0&#8243;][cl_text custom_typography=\u00bb1&#8243; text_font_size=\u00bb18&#8243; text_line_height=\u00bb33&#8243; css_style=\u00bbmargin-top:35px\u00bb]<\/p>\n<p>Nuestros asociados se encuentran acreditados en sus \u00e1reas de competencia, guardar\u00e1n confidencialidad respecto a la informaci\u00f3n que nos comparta y aplicar\u00e1n objetivamente su experiencia para fortalecer la soluci\u00f3n a sus necesidades.<\/p>\n<p>[\/cl_text][\/cl_column_inner][\/cl_row_inner][cl_row_inner css_style=\u00bbmargin-top:35px\u00bb][cl_column_inner width=\u00bb1\/2&#8243; css_style=\u00bbpadding-top:10px|padding-bottom:10px\u00bb css_style_991=\u00bbmargin-top:0&#8243; css_style_767=\u00bbmargin-top:0&#8243;][cl_custom_heading css_style=\u00bbmargin-top:35px\u00bb]<\/p>\n<p>Transparencia<\/p>\n<p>[\/cl_custom_heading][\/cl_column_inner][cl_column_inner width=\u00bb1\/2&#8243; css_style=\u00bbpadding-top:10px|padding-bottom:10px\u00bb css_style_991=\u00bbmargin-top:0&#8243; css_style_767=\u00bbmargin-top:0&#8243;][cl_text custom_typography=\u00bb1&#8243; text_font_size=\u00bb18&#8243; text_line_height=\u00bb33&#8243; css_style=\u00bbmargin-top:35px\u00bb]<\/p>\n<p>Con frecuencia oportuna conocer\u00e1 la evoluci\u00f3n y los resultados obtenidos. Siempre seremos respetuosos de las leyes y velaremos por la protecci\u00f3n del Medio ambiente.<\/p>\n<p>[\/cl_text][\/cl_column_inner][\/cl_row_inner][cl_row_inner css_style=\u00bbmargin-top:35px\u00bb][cl_column_inner width=\u00bb1\/2&#8243; css_style=\u00bbpadding-top:10px|padding-bottom:10px\u00bb css_style_991=\u00bbmargin-top:0&#8243; css_style_767=\u00bbmargin-top:0&#8243;][cl_custom_heading css_style=\u00bbmargin-top:35px\u00bb]<\/p>\n<p>Empat\u00eda<\/p>\n<p>[\/cl_custom_heading][\/cl_column_inner][cl_column_inner width=\u00bb1\/2&#8243; css_style=\u00bbpadding-top:10px|padding-bottom:10px\u00bb css_style_991=\u00bbmargin-top:0&#8243; css_style_767=\u00bbmargin-top:0&#8243;][cl_text custom_typography=\u00bb1&#8243; text_font_size=\u00bb18&#8243; text_line_height=\u00bb33&#8243; css_style=\u00bbmargin-top:35px\u00bb]<\/p>\n<p>Asumiremos su realidad como propia, con la debida diligencia buscando las m\u00e1s alta rentabilidad a sus intereses.<\/p>\n<p>[\/cl_text][\/cl_column_inner][\/cl_row_inner][cl_row_inner css_style=\u00bbmargin-top:35px\u00bb][cl_column_inner width=\u00bb1\/2&#8243; css_style=\u00bbpadding-top:10px|padding-bottom:10px\u00bb css_style_991=\u00bbmargin-top:0&#8243; css_style_767=\u00bbmargin-top:0&#8243;][cl_custom_heading css_style=\u00bbmargin-top:35px\u00bb]<\/p>\n<p>Veracidad<\/p>\n<p>[\/cl_custom_heading][\/cl_column_inner][cl_column_inner width=\u00bb1\/2&#8243; css_style=\u00bbpadding-top:10px|padding-bottom:10px\u00bb css_style_991=\u00bbmargin-top:0&#8243; css_style_767=\u00bbmargin-top:0&#8243;][cl_text custom_typography=\u00bb1&#8243; text_font_size=\u00bb18&#8243; text_line_height=\u00bb33&#8243; css_style=\u00bbmargin-top:35px\u00bb]<\/p>\n<p>Siempre expondremos la realidad con objetividad para que sea la base de sus decisiones.<\/p>\n<p>[\/cl_text][\/cl_column_inner][\/cl_row_inner][\/cl_column][\/cl_row]<\/p>\n","protected":false},"excerpt":{"rendered":"<p>[cl_row fullheight=\u00bb0&#8243; custom_width_bool=\u00bb0&#8243; equal_height=\u00bb0&#8243; row_disabled=\u00bb0&#8243; row_video_loop=\u00bb0&#8243; css_style=\u00bbpadding-top:45px|padding-bottom:45px\u00bb background_position=\u00bbleft top\u00bb parallax=\u00bb0&#8243; device_visibility=\u00bb0:none_\u00bb css_style_991_row_bool=\u00bb0&#8243; css_style_767_row_bool=\u00bb0&#8243; background_image=\u00bbid:603|mime:undefined|url:http%3A%2F%2F146.190.40.78%2Fwp-content%2Fuploads%2F2022%2F11%2Fvalores_fondo-150&#215;150.png\u00bb][cl_column horizontal_align=\u00bbmiddle\u00bb col_sticky=\u00bb0&#8243; col_disabled=\u00bb0&#8243; css_style=\u00bbpadding-top:20px|padding-bottom:20px\u00bb border_rounded=\u00bb0&#8243; device_visibility=\u00bb0:none_\u00bb css_style_991_col_bool=\u00bb0&#8243; css_style_767_col_bool=\u00bb0&#8243;][cl_custom_heading typography=\u00bbh1&#8243; css_style=\u00bbmargin-top:35px\u00bb] Valores [\/cl_custom_heading][cl_divider css_style=\u00bbmargin-top:35px\u00bb][cl_row_inner css_style=\u00bbmargin-top:35px\u00bb][cl_column_inner width=\u00bb1\/2&#8243; css_style=\u00bbpadding-top:10px|padding-bottom:10px\u00bb css_style_991=\u00bbmargin-top:0&#8243; css_style_767=\u00bbmargin-top:0&#8243;][cl_custom_heading css_style=\u00bbmargin-top:35px\u00bb] Profesionalismo [\/cl_custom_heading][\/cl_column_inner][cl_column_inner width=\u00bb1\/2&#8243; css_style=\u00bbpadding-top:10px|padding-bottom:10px\u00bb css_style_991=\u00bbmargin-top:0&#8243; css_style_767=\u00bbmargin-top:0&#8243;][cl_text custom_typography=\u00bb1&#8243; [&hellip;]<\/p>\n","protected":false},"author":1,"featured_media":0,"parent":0,"menu_order":0,"comment_status":"closed","ping_status":"closed","template":"","meta":{"footnotes":""},"class_list":["post-543","page","type-page","status-publish","hentry"],"_links":{"self":[{"href":"https:\/\/valuex.com.sv\/index.php\/wp-json\/wp\/v2\/pages\/543","targetHints":{"allow":["GET"]}}],"collection":[{"href":"https:\/\/valuex.com.sv\/index.php\/wp-json\/wp\/v2\/pages"}],"about":[{"href":"https:\/\/valuex.com.sv\/index.php\/wp-json\/wp\/v2\/types\/page"}],"author":[{"embeddable":true,"href":"https:\/\/valuex.com.sv\/index.php\/wp-json\/wp\/v2\/users\/1"}],"replies":[{"embeddable":true,"href":"https:\/\/valuex.com.sv\/index.php\/wp-json\/wp\/v2\/comments?post=543"}],"version-history":[{"count":9,"href":"https:\/\/valuex.com.sv\/index.php\/wp-json\/wp\/v2\/pages\/543\/revisions"}],"predecessor-version":[{"id":604,"href":"https:\/\/valuex.com.sv\/index.php\/wp-json\/wp\/v2\/pages\/543\/revisions\/604"}],"wp:attachment":[{"href":"https:\/\/valuex.com.sv\/index.php\/wp-json\/wp\/v2\/media?parent=543"}],"curies":[{"name":"wp","href":"https:\/\/api.w.org\/{rel}","templated":true}]}}