{"id":547,"date":"2022-11-30T00:11:10","date_gmt":"2022-11-30T00:11:10","guid":{"rendered":"http:\/\/146.190.40.78\/?page_id=547"},"modified":"2025-11-07T04:36:16","modified_gmt":"2025-11-06T22:36:16","slug":"estudio-de-valor-valuos","status":"publish","type":"page","link":"https:\/\/valuex.com.sv\/index.php\/estudio-de-valor-valuos\/","title":{"rendered":"Estudio de valor (val\u00faos)"},"content":{"rendered":"<p>[cl_row background_position=\u00bbleft top\u00bb device_visibility=\u00bb0:none_\u00bb background_image=\u00bbid:740|mime:undefined|url:http%3A%2F%2F146.190.40.78%2Fwp-content%2Fuploads%2F2022%2F12%2Ffondo_valuos-150&#215;150.png\u00bb][cl_column horizontal_align=\u00bbmiddle\u00bb text_color=\u00bblight-text\u00bb device_visibility=\u00bb0:none_\u00bb background_image=\u00bbid:|mime:|url:\u00bb][cl_row_inner][cl_column_inner][cl_icon size=\u00bb99&#8243; align=\u00bbcenter\u00bb icon=\u00bbcl-icon-trophy2&#8243; color=\u00bb#ffffff\u00bb][cl_custom_heading]Estudios de Valor (Val\u00faos)[\/cl_custom_heading][cl_divider color=\u00bb#ffffff\u00bb][cl_text custom_typography=\u00bb1&#8243; text_font_size=\u00bb19&#8243; text_line_height=\u00bb39&#8243;]<\/p>\n<p>Apoyamos a clientes tanto del Sector P\u00fablico como Privado, determinando el valor de bienes muebles e inmuebles, incluyendo bienes intangibles, asociado a Garant\u00edas, Bienes en litigio, Operaciones de compra venta, Herencias, y otros, como:<\/p>\n<p>[\/cl_text][cl_list distance=\u00bb5&#8243;][cl_list_item icon=\u00bbcl-icon-tick\u00bb]<\/p>\n<p style=\"font-size: 18px\"><u>Bienes Tangibles<\/u><\/p>\n<p>[\/cl_list_item][cl_list_item]<\/p>\n<p style=\"font-size: 18px\">Terrenos <\/p>\n<p>[\/cl_list_item][cl_list_item]<\/p>\n<p style=\"font-size: 18px\">Terrenos con construcciones<\/p>\n<p>[\/cl_list_item][cl_list_item]<\/p>\n<p style=\"font-size: 18px\">Inmuebles Agropecuarios<\/p>\n<p>[\/cl_list_item][cl_list_item]<\/p>\n<p style=\"font-size: 18px\">Fincas Productivas.<\/p>\n<p>[\/cl_list_item][cl_list_item]<\/p>\n<p style=\"font-size: 18px\">Inmuebles de uso Industrial<\/p>\n<p>[\/cl_list_item][cl_list_item]<\/p>\n<p style=\"font-size: 18px\">Bienes Muebles: Equipo de oficina, Veh\u00edculos de todo tipo, maquinaria y equipos agr\u00edcola e industriales<\/p>\n<p>[\/cl_list_item][cl_list_item]<\/p>\n<p style=\"font-size: 18px\">Bienes especializados.<\/p>\n<p>[\/cl_list_item][cl_list_item icon=\u00bbcl-icon-tick\u00bb]<\/p>\n<p style=\"font-size: 18px;text-align: left\"><u>Bienes Intangibles: <\/u><\/p>\n<p>[\/cl_list_item][cl_list_item]<\/p>\n<p style=\"font-size: 18px;text-align: left\">Marcas, Patentes, Licencias<\/p>\n<p>[\/cl_list_item][cl_list_item]<\/p>\n<p style=\"font-size: 18px\">Franquicias<\/p>\n<p>[\/cl_list_item][cl_list_item]<\/p>\n<p style=\"font-size: 18px\">Propiedad intelectual<\/p>\n<p>[\/cl_list_item][cl_list_item]<\/p>\n<p style=\"font-size: 18px\">Valor de Empresas en Marcha<\/p>\n<p>[\/cl_list_item][cl_list_item]<\/p>\n<p style=\"font-size: 18px\">Derechos de Autor<\/p>\n<p>[\/cl_list_item][cl_list_item icon=\u00bbcl-icon-tick\u00bb]<\/p>\n<p style=\"font-size: 18px;text-align: left\"><u>Estudios: <\/u><\/p>\n<p>[\/cl_list_item][cl_list_item]<\/p>\n<p style=\"font-size: 18px\">Relacionados con plusval\u00eda, c\u00e1nones de renta, flujos de efectivo e Informe de habitabilidad.<\/p>\n<p>[\/cl_list_item][\/cl_list][\/cl_column_inner][\/cl_row_inner][cl_row_inner][cl_column_inner][cl_text margin_paragraphs=\u00bb23&#8243; custom_typography=\u00bb1&#8243; text_font_size=\u00bb19&#8243; text_font_weight=\u00bb600&#8243; text_line_height=\u00bb32&#8243;]<\/p>\n<p>Autorizaciones Individuales Ing. M.Sc. Nelson Edgardo Quevedo.<br \/>\nAutorizaci\u00f3n CD-33-2019 Perito Valuador Activos Financieros sujetos a Titularizaci\u00f3n.<br \/>\nReg. PV-0010-2017 Perito Valuador.<br \/>\nReg. No. 1227 Valuador Panamericano.<\/p>\n<p>Autorizaciones de la sociedad EQ Evaluaciones, SA de CV.<\/p>\n<p>Reg. PV-0011-2017 Peritos Valuadores.<\/p>\n<p>CERT-0006 Certificador de Emisiones de Activos Digitales<\/p>\n<p>[\/cl_text][\/cl_column_inner][\/cl_row_inner][cl_row_inner][cl_column_inner][cl_text custom_typography=\u00bb1&#8243; text_font_size=\u00bb19&#8243; text_line_height=\u00bb31&#8243;]<\/p>\n<div class=\"cont_subtext_valuos2\">\n<p class=\"text_valuos2\">Nuestra metodolog\u00eda incorpora los resultados de estudios de mercado y bases de datos, en las variables m\u00e1s importantes de los m\u00e9todos de valuaci\u00f3n generalmente aceptados:<\/p>\n<\/div>\n<div class=\"cont_title_gen_valuos2\">\n<div class=\"cont_title_valuos2 zoom\"><\/div>\n<\/div>\n<p>[\/cl_text][\/cl_column_inner][\/cl_row_inner][cl_row_inner css_style=\u00bbmargin-bottom:35px\u00bb inner_columns_gap=\u00bb16&#8243;][cl_column_inner width=\u00bb1\/3&#8243;][cl_text custom_typography=\u00bb1&#8243; text_font_size=\u00bb19&#8243; text_font_weight=\u00bb600&#8243;]<\/p>\n<div class=\"cont_seccion_valuos2\">\n<div class=\"cont_title_gen_valuos2\">\n<div class=\"cont_title_valuos2 zoom\">\n<p>M\u00e9todo del Costo<\/p>\n<\/div>\n<\/div>\n<\/div>\n<p>[\/cl_text][\/cl_column_inner][cl_column_inner width=\u00bb1\/3&#8243;][cl_text custom_typography=\u00bb1&#8243; text_font_size=\u00bb19&#8243; text_font_weight=\u00bb600&#8243;]<\/p>\n<div class=\"cont_seccion_valuos2\">\n<div class=\"cont_title_gen_valuos2\">\n<div class=\"cont_title_valuos2 zoom\">\n<p class=\"title_valuos_sub2_1\">M\u00e9todo del Mercado (Homologaci\u00f3n)<\/p>\n<\/div>\n<\/div>\n<\/div>\n<p>[\/cl_text][\/cl_column_inner][cl_column_inner width=\u00bb1\/3&#8243; css_style=\u00bbmargin-top:\u00bb text_color=\u00bblight-text\u00bb][cl_text custom_typography=\u00bb1&#8243; text_font_size=\u00bb19&#8243; text_font_weight=\u00bb600&#8243;]<\/p>\n<div class=\"cont_seccion_valuos2\">\n<div class=\"cont_title_gen_valuos2\">\n<div class=\"cont_title_valuos2 zoom\">\n<p class=\"title_valuos_sub2_1\">M\u00e9todo de Renta<\/p>\n<\/div>\n<\/div>\n<\/div>\n<p>[\/cl_text][\/cl_column_inner][\/cl_row_inner][cl_row_inner css_style=\u00bbmargin-top:80px\u00bb][cl_column_inner width=\u00bb1\/2&#8243;][cl_text]<\/p>\n<p>Miembro de:<\/p>\n<p>[\/cl_text][cl_media shadow=\u00bb0&#8243; image=\u00bbid:756|mime:undefined|url:http%3A%2F%2F146.190.40.78%2Fwp-content%2Fuploads%2F2022%2F12%2F1-150&#215;150.png\u00bb custom_width_bool_media=\u00bb1&#8243; custom_width=\u00bb150px\u00bb css_style=\u00bbmargin-bottom:15px\u00bb position=\u00bbcenter\u00bb][cl_media image=\u00bbid:909|url:http%253A%252F%252F146.190.40.78%252Fwp-content%252Fuploads%252F2022%252F12%252FCapa-0.png\u00bb position=\u00bbcenter\u00bb shadow=\u00bb0&#8243; image_size=\u00bbteam_entry\u00bb custom_width_bool_media=\u00bb1&#8243; custom_width=\u00bb150px\u00bb css_style=\u00bbmargin-top:35px\u00bb][\/cl_column_inner][cl_column_inner width=\u00bb1\/2&#8243;][cl_text custom_typography=\u00bb1&#8243; margin_paragraphs=\u00bb25&#8243; text_font_size=\u00bb16&#8243; text_line_height=\u00bb28&#8243;]<\/p>\n<p>Para los Estudios de Valor de Maquinarias y Equipos se considera la naturaleza de los mismos para la correcta aplicaci\u00f3n del m\u00e9todo de depreciaci\u00f3n.<\/p>\n<p>Independiente de formatos preestablecidos, VALUEX proporciona un Informe detallado del Estudio de Valor realizado, para mejorar la comprensi\u00f3n del resultado por parte del cliente.<\/p>\n<p>De manera individual nuestros peritos asociados cuentan con m\u00e1s de 25 a\u00f1os de experiencia, que se suman a los 20 a\u00f1os de la firma, todos pertenecen al Registro de Peritos que administra la Superintendencia del Sistema Financiero SSF, incluyendo a la firma como persona jur\u00eddica.<\/p>\n<p>Nuestro Director es Socio Fundador de la C\u00e1mara Salvadore\u00f1a de Valuaci\u00f3n y cuenta con su Maestr\u00eda y m\u00e1s de 30 a\u00f1os experiencia.<\/p>\n<p>[\/cl_text][\/cl_column_inner][\/cl_row_inner][\/cl_column][\/cl_row]<\/p>\n","protected":false},"excerpt":{"rendered":"<p>[cl_row background_position=\u00bbleft top\u00bb device_visibility=\u00bb0:none_\u00bb background_image=\u00bbid:740|mime:undefined|url:http%3A%2F%2F146.190.40.78%2Fwp-content%2Fuploads%2F2022%2F12%2Ffondo_valuos-150&#215;150.png\u00bb][cl_column horizontal_align=\u00bbmiddle\u00bb text_color=\u00bblight-text\u00bb device_visibility=\u00bb0:none_\u00bb background_image=\u00bbid:|mime:|url:\u00bb][cl_row_inner][cl_column_inner][cl_icon size=\u00bb99&#8243; align=\u00bbcenter\u00bb icon=\u00bbcl-icon-trophy2&#8243; color=\u00bb#ffffff\u00bb][cl_custom_heading]Estudios de Valor (Val\u00faos)[\/cl_custom_heading][cl_divider color=\u00bb#ffffff\u00bb][cl_text custom_typography=\u00bb1&#8243; text_font_size=\u00bb19&#8243; text_line_height=\u00bb39&#8243;] Apoyamos a clientes tanto del Sector P\u00fablico como Privado, determinando el valor de bienes muebles e inmuebles, incluyendo bienes intangibles, [&hellip;]<\/p>\n","protected":false},"author":1,"featured_media":0,"parent":0,"menu_order":0,"comment_status":"closed","ping_status":"closed","template":"","meta":{"footnotes":""},"class_list":["post-547","page","type-page","status-publish","hentry"],"_links":{"self":[{"href":"https:\/\/valuex.com.sv\/index.php\/wp-json\/wp\/v2\/pages\/547","targetHints":{"allow":["GET"]}}],"collection":[{"href":"https:\/\/valuex.com.sv\/index.php\/wp-json\/wp\/v2\/pages"}],"about":[{"href":"https:\/\/valuex.com.sv\/index.php\/wp-json\/wp\/v2\/types\/page"}],"author":[{"embeddable":true,"href":"https:\/\/valuex.com.sv\/index.php\/wp-json\/wp\/v2\/users\/1"}],"replies":[{"embeddable":true,"href":"https:\/\/valuex.com.sv\/index.php\/wp-json\/wp\/v2\/comments?post=547"}],"version-history":[{"count":25,"href":"https:\/\/valuex.com.sv\/index.php\/wp-json\/wp\/v2\/pages\/547\/revisions"}],"predecessor-version":[{"id":2590,"href":"https:\/\/valuex.com.sv\/index.php\/wp-json\/wp\/v2\/pages\/547\/revisions\/2590"}],"wp:attachment":[{"href":"https:\/\/valuex.com.sv\/index.php\/wp-json\/wp\/v2\/media?parent=547"}],"curies":[{"name":"wp","href":"https:\/\/api.w.org\/{rel}","templated":true}]}}